{"id":3027,"date":"2020-10-28T09:47:49","date_gmt":"2020-10-28T08:47:49","guid":{"rendered":"https:\/\/nestvillechocolate.sk\/produkt\/white-chocolate-bar-with-freeze-dried-currant-and-strawberries\/"},"modified":"2025-06-24T08:51:40","modified_gmt":"2025-06-24T06:51:40","slug":"white-chocolate-bar-with-freeze-dried-currant-and-strawberries","status":"publish","type":"product","link":"https:\/\/nestvillechocolate.sk\/en\/produkt\/white-chocolate-bar-with-freeze-dried-currant-and-strawberries\/","title":{"rendered":"White Chocolate bar with freeze-dried black currant and strawberries"},"content":{"rendered":"<table class=\"nutricni\" style=\"font-size: 16px;\">\n<tbody>\n<tr>\n<td>Energy<\/td>\n<td>2353 kj\/ 565 kcal<\/td>\n<\/tr>\n<tr>\n<td>Total Fat<\/td>\n<td>34 g<\/td>\n<\/tr>\n<tr>\n<td><i>z toho nas\u00fdten\u00e9 mastn\u00e9 kyseliny<\/i><\/td>\n<td>20 g<\/td>\n<\/tr>\n<tr>\n<td>Carbohydrates<\/td>\n<td>54 g<\/td>\n<\/tr>\n<tr>\n<td><i>of which sugars<\/i><\/td>\n<td>54 g<\/td>\n<\/tr>\n<tr>\n<td>Fiber<\/td>\n<td>9,4 g<\/td>\n<\/tr>\n<tr>\n<td>Protein<\/td>\n<td>6,0 g<\/td>\n<\/tr>\n<tr>\n<td>Salt<\/td>\n<td>0,20 g<\/td>\n<\/tr>\n<\/tbody>\n<\/table>\n","protected":false},"excerpt":{"rendered":"<p>The delicious taste of white chocolate in harmony with sweetish freeze-dried strawberries and sour blackcurrant<\/p>\n","protected":false},"featured_media":2385,"template":"","meta":{"_acf_changed":false},"product_brand":[],"product_cat":[65],"product_tag":[114],"class_list":{"0":"post-3027","1":"product","2":"type-product","3":"status-publish","4":"has-post-thumbnail","6":"product_cat-creativ-line-chocolate-bars","7":"product_tag-nestville-chocolate-en","9":"first","10":"instock","11":"taxable","12":"shipping-taxable","13":"purchasable","14":"product-type-simple"},"acf":[],"yoast_head":"<!-- This site is optimized with the Yoast SEO plugin v27.5 - https:\/\/yoast.com\/product\/yoast-seo-wordpress\/ -->\n<title>White Chocolate bar with freeze-dried black currant and strawberries - Nestville Chocolate<\/title>\n<meta name=\"robots\" content=\"index, follow, max-snippet:-1, max-image-preview:large, max-video-preview:-1\" \/>\n<link rel=\"canonical\" href=\"https:\/\/nestvillechocolate.sk\/en\/produkt\/white-chocolate-bar-with-freeze-dried-currant-and-strawberries\/\" \/>\n<meta property=\"og:locale\" content=\"en_US\" \/>\n<meta property=\"og:type\" content=\"article\" \/>\n<meta property=\"og:title\" content=\"White Chocolate bar with freeze-dried black currant and strawberries - Nestville Chocolate\" \/>\n<meta property=\"og:description\" content=\"The delicious taste of white chocolate in harmony with sweetish freeze-dried strawberries and sour blackcurrant\" \/>\n<meta property=\"og:url\" content=\"https:\/\/nestvillechocolate.sk\/en\/produkt\/white-chocolate-bar-with-freeze-dried-currant-and-strawberries\/\" \/>\n<meta property=\"og:site_name\" content=\"Nestville Chocolate\" \/>\n<meta property=\"article:modified_time\" content=\"2025-06-24T06:51:40+00:00\" \/>\n<meta property=\"og:image\" content=\"https:\/\/nestvillechocolate.sk\/wp-content\/uploads\/2020\/10\/0026_Cokolada-okienko-25.png\" \/>\n\t<meta property=\"og:image:width\" content=\"1200\" \/>\n\t<meta property=\"og:image:height\" content=\"1200\" \/>\n\t<meta property=\"og:image:type\" content=\"image\/png\" \/>\n<meta name=\"twitter:card\" content=\"summary_large_image\" \/>\n<script type=\"application\/ld+json\" class=\"yoast-schema-graph\">{\"@context\":\"https:\\\/\\\/schema.org\",\"@graph\":[{\"@type\":\"WebPage\",\"@id\":\"https:\\\/\\\/nestvillechocolate.sk\\\/en\\\/produkt\\\/white-chocolate-bar-with-freeze-dried-currant-and-strawberries\\\/\",\"url\":\"https:\\\/\\\/nestvillechocolate.sk\\\/en\\\/produkt\\\/white-chocolate-bar-with-freeze-dried-currant-and-strawberries\\\/\",\"name\":\"White Chocolate bar with freeze-dried black currant and strawberries - Nestville Chocolate\",\"isPartOf\":{\"@id\":\"https:\\\/\\\/nestvillechocolate.sk\\\/en\\\/#website\"},\"primaryImageOfPage\":{\"@id\":\"https:\\\/\\\/nestvillechocolate.sk\\\/en\\\/produkt\\\/white-chocolate-bar-with-freeze-dried-currant-and-strawberries\\\/#primaryimage\"},\"image\":{\"@id\":\"https:\\\/\\\/nestvillechocolate.sk\\\/en\\\/produkt\\\/white-chocolate-bar-with-freeze-dried-currant-and-strawberries\\\/#primaryimage\"},\"thumbnailUrl\":\"https:\\\/\\\/nestvillechocolate.sk\\\/wp-content\\\/uploads\\\/2020\\\/10\\\/0026_Cokolada-okienko-25.png\",\"datePublished\":\"2020-10-28T08:47:49+00:00\",\"dateModified\":\"2025-06-24T06:51:40+00:00\",\"breadcrumb\":{\"@id\":\"https:\\\/\\\/nestvillechocolate.sk\\\/en\\\/produkt\\\/white-chocolate-bar-with-freeze-dried-currant-and-strawberries\\\/#breadcrumb\"},\"inLanguage\":\"en-US\",\"potentialAction\":[{\"@type\":\"ReadAction\",\"target\":[\"https:\\\/\\\/nestvillechocolate.sk\\\/en\\\/produkt\\\/white-chocolate-bar-with-freeze-dried-currant-and-strawberries\\\/\"]}]},{\"@type\":\"ImageObject\",\"inLanguage\":\"en-US\",\"@id\":\"https:\\\/\\\/nestvillechocolate.sk\\\/en\\\/produkt\\\/white-chocolate-bar-with-freeze-dried-currant-and-strawberries\\\/#primaryimage\",\"url\":\"https:\\\/\\\/nestvillechocolate.sk\\\/wp-content\\\/uploads\\\/2020\\\/10\\\/0026_Cokolada-okienko-25.png\",\"contentUrl\":\"https:\\\/\\\/nestvillechocolate.sk\\\/wp-content\\\/uploads\\\/2020\\\/10\\\/0026_Cokolada-okienko-25.png\",\"width\":1200,\"height\":1200,\"caption\":\"Biela \u010dokol\u00e1da s lyofilizovan\u00fdm ovoc\u00edm\"},{\"@type\":\"BreadcrumbList\",\"@id\":\"https:\\\/\\\/nestvillechocolate.sk\\\/en\\\/produkt\\\/white-chocolate-bar-with-freeze-dried-currant-and-strawberries\\\/#breadcrumb\",\"itemListElement\":[{\"@type\":\"ListItem\",\"position\":1,\"name\":\"Domovsk\u00e1 str\u00e1nka\",\"item\":\"https:\\\/\\\/nestvillechocolate.sk\\\/en\\\/\"},{\"@type\":\"ListItem\",\"position\":2,\"name\":\"Shop\",\"item\":\"https:\\\/\\\/nestvillechocolate.sk\\\/en\\\/shop\\\/\"},{\"@type\":\"ListItem\",\"position\":3,\"name\":\"White Chocolate bar with freeze-dried black currant and strawberries\"}]},{\"@type\":\"WebSite\",\"@id\":\"https:\\\/\\\/nestvillechocolate.sk\\\/en\\\/#website\",\"url\":\"https:\\\/\\\/nestvillechocolate.sk\\\/en\\\/\",\"name\":\"Nestville Chocolate\",\"description\":\"Hniezdne\",\"publisher\":{\"@id\":\"https:\\\/\\\/nestvillechocolate.sk\\\/en\\\/#organization\"},\"potentialAction\":[{\"@type\":\"SearchAction\",\"target\":{\"@type\":\"EntryPoint\",\"urlTemplate\":\"https:\\\/\\\/nestvillechocolate.sk\\\/en\\\/?s={search_term_string}\"},\"query-input\":{\"@type\":\"PropertyValueSpecification\",\"valueRequired\":true,\"valueName\":\"search_term_string\"}}],\"inLanguage\":\"en-US\"},{\"@type\":\"Organization\",\"@id\":\"https:\\\/\\\/nestvillechocolate.sk\\\/en\\\/#organization\",\"name\":\"Nestville Chocolate\",\"url\":\"https:\\\/\\\/nestvillechocolate.sk\\\/en\\\/\",\"logo\":{\"@type\":\"ImageObject\",\"inLanguage\":\"en-US\",\"@id\":\"https:\\\/\\\/nestvillechocolate.sk\\\/en\\\/#\\\/schema\\\/logo\\\/image\\\/\",\"url\":\"https:\\\/\\\/nestvillechocolate.sk\\\/wp-content\\\/uploads\\\/2020\\\/11\\\/fav.png\",\"contentUrl\":\"https:\\\/\\\/nestvillechocolate.sk\\\/wp-content\\\/uploads\\\/2020\\\/11\\\/fav.png\",\"width\":512,\"height\":512,\"caption\":\"Nestville Chocolate\"},\"image\":{\"@id\":\"https:\\\/\\\/nestvillechocolate.sk\\\/en\\\/#\\\/schema\\\/logo\\\/image\\\/\"}}]}<\/script>\n<!-- \/ Yoast SEO plugin. -->","yoast_head_json":{"title":"White Chocolate bar with freeze-dried black currant and strawberries - Nestville Chocolate","robots":{"index":"index","follow":"follow","max-snippet":"max-snippet:-1","max-image-preview":"max-image-preview:large","max-video-preview":"max-video-preview:-1"},"canonical":"https:\/\/nestvillechocolate.sk\/en\/produkt\/white-chocolate-bar-with-freeze-dried-currant-and-strawberries\/","og_locale":"en_US","og_type":"article","og_title":"White Chocolate bar with freeze-dried black currant and strawberries - Nestville Chocolate","og_description":"The delicious taste of white chocolate in harmony with sweetish freeze-dried strawberries and sour blackcurrant","og_url":"https:\/\/nestvillechocolate.sk\/en\/produkt\/white-chocolate-bar-with-freeze-dried-currant-and-strawberries\/","og_site_name":"Nestville Chocolate","article_modified_time":"2025-06-24T06:51:40+00:00","og_image":[{"width":1200,"height":1200,"url":"https:\/\/nestvillechocolate.sk\/wp-content\/uploads\/2020\/10\/0026_Cokolada-okienko-25.png","type":"image\/png"}],"twitter_card":"summary_large_image","schema":{"@context":"https:\/\/schema.org","@graph":[{"@type":"WebPage","@id":"https:\/\/nestvillechocolate.sk\/en\/produkt\/white-chocolate-bar-with-freeze-dried-currant-and-strawberries\/","url":"https:\/\/nestvillechocolate.sk\/en\/produkt\/white-chocolate-bar-with-freeze-dried-currant-and-strawberries\/","name":"White Chocolate bar with freeze-dried black currant and strawberries - Nestville Chocolate","isPartOf":{"@id":"https:\/\/nestvillechocolate.sk\/en\/#website"},"primaryImageOfPage":{"@id":"https:\/\/nestvillechocolate.sk\/en\/produkt\/white-chocolate-bar-with-freeze-dried-currant-and-strawberries\/#primaryimage"},"image":{"@id":"https:\/\/nestvillechocolate.sk\/en\/produkt\/white-chocolate-bar-with-freeze-dried-currant-and-strawberries\/#primaryimage"},"thumbnailUrl":"https:\/\/nestvillechocolate.sk\/wp-content\/uploads\/2020\/10\/0026_Cokolada-okienko-25.png","datePublished":"2020-10-28T08:47:49+00:00","dateModified":"2025-06-24T06:51:40+00:00","breadcrumb":{"@id":"https:\/\/nestvillechocolate.sk\/en\/produkt\/white-chocolate-bar-with-freeze-dried-currant-and-strawberries\/#breadcrumb"},"inLanguage":"en-US","potentialAction":[{"@type":"ReadAction","target":["https:\/\/nestvillechocolate.sk\/en\/produkt\/white-chocolate-bar-with-freeze-dried-currant-and-strawberries\/"]}]},{"@type":"ImageObject","inLanguage":"en-US","@id":"https:\/\/nestvillechocolate.sk\/en\/produkt\/white-chocolate-bar-with-freeze-dried-currant-and-strawberries\/#primaryimage","url":"https:\/\/nestvillechocolate.sk\/wp-content\/uploads\/2020\/10\/0026_Cokolada-okienko-25.png","contentUrl":"https:\/\/nestvillechocolate.sk\/wp-content\/uploads\/2020\/10\/0026_Cokolada-okienko-25.png","width":1200,"height":1200,"caption":"Biela \u010dokol\u00e1da s lyofilizovan\u00fdm ovoc\u00edm"},{"@type":"BreadcrumbList","@id":"https:\/\/nestvillechocolate.sk\/en\/produkt\/white-chocolate-bar-with-freeze-dried-currant-and-strawberries\/#breadcrumb","itemListElement":[{"@type":"ListItem","position":1,"name":"Domovsk\u00e1 str\u00e1nka","item":"https:\/\/nestvillechocolate.sk\/en\/"},{"@type":"ListItem","position":2,"name":"Shop","item":"https:\/\/nestvillechocolate.sk\/en\/shop\/"},{"@type":"ListItem","position":3,"name":"White Chocolate bar with freeze-dried black currant and strawberries"}]},{"@type":"WebSite","@id":"https:\/\/nestvillechocolate.sk\/en\/#website","url":"https:\/\/nestvillechocolate.sk\/en\/","name":"Nestville Chocolate","description":"Hniezdne","publisher":{"@id":"https:\/\/nestvillechocolate.sk\/en\/#organization"},"potentialAction":[{"@type":"SearchAction","target":{"@type":"EntryPoint","urlTemplate":"https:\/\/nestvillechocolate.sk\/en\/?s={search_term_string}"},"query-input":{"@type":"PropertyValueSpecification","valueRequired":true,"valueName":"search_term_string"}}],"inLanguage":"en-US"},{"@type":"Organization","@id":"https:\/\/nestvillechocolate.sk\/en\/#organization","name":"Nestville Chocolate","url":"https:\/\/nestvillechocolate.sk\/en\/","logo":{"@type":"ImageObject","inLanguage":"en-US","@id":"https:\/\/nestvillechocolate.sk\/en\/#\/schema\/logo\/image\/","url":"https:\/\/nestvillechocolate.sk\/wp-content\/uploads\/2020\/11\/fav.png","contentUrl":"https:\/\/nestvillechocolate.sk\/wp-content\/uploads\/2020\/11\/fav.png","width":512,"height":512,"caption":"Nestville Chocolate"},"image":{"@id":"https:\/\/nestvillechocolate.sk\/en\/#\/schema\/logo\/image\/"}}]}},"_links":{"self":[{"href":"https:\/\/nestvillechocolate.sk\/en\/wp-json\/wp\/v2\/product\/3027","targetHints":{"allow":["GET"]}}],"collection":[{"href":"https:\/\/nestvillechocolate.sk\/en\/wp-json\/wp\/v2\/product"}],"about":[{"href":"https:\/\/nestvillechocolate.sk\/en\/wp-json\/wp\/v2\/types\/product"}],"wp:featuredmedia":[{"embeddable":true,"href":"https:\/\/nestvillechocolate.sk\/en\/wp-json\/wp\/v2\/media\/2385"}],"wp:attachment":[{"href":"https:\/\/nestvillechocolate.sk\/en\/wp-json\/wp\/v2\/media?parent=3027"}],"wp:term":[{"taxonomy":"product_brand","embeddable":true,"href":"https:\/\/nestvillechocolate.sk\/en\/wp-json\/wp\/v2\/product_brand?post=3027"},{"taxonomy":"product_cat","embeddable":true,"href":"https:\/\/nestvillechocolate.sk\/en\/wp-json\/wp\/v2\/product_cat?post=3027"},{"taxonomy":"product_tag","embeddable":true,"href":"https:\/\/nestvillechocolate.sk\/en\/wp-json\/wp\/v2\/product_tag?post=3027"}],"curies":[{"name":"wp","href":"https:\/\/api.w.org\/{rel}","templated":true}]}}