{"id":3023,"date":"2020-10-28T09:27:11","date_gmt":"2020-10-28T08:27:11","guid":{"rendered":"https:\/\/nestvillechocolate.sk\/produkt\/dark-chocolate-with-almonds-and-grated-coconut\/"},"modified":"2025-06-24T09:02:35","modified_gmt":"2025-06-24T07:02:35","slug":"dark-chocolate-with-almonds-and-grated-coconut","status":"publish","type":"product","link":"https:\/\/nestvillechocolate.sk\/en\/produkt\/dark-chocolate-with-almonds-and-grated-coconut\/","title":{"rendered":"Dark chocolate with almonds and grated coconut"},"content":{"rendered":"<table class=\"nutricni\" style=\"font-size: 16px;\">\n<tbody>\n<tr>\n<td><em>Energy<\/em><\/td>\n<td><em>2281 kj\/ 548 kcal<\/em><\/td>\n<\/tr>\n<tr>\n<td><em>Total Fat<\/em><\/td>\n<td><em>40 g<\/em><\/td>\n<\/tr>\n<tr>\n<td><em>of which saturates<\/em><\/td>\n<td><em>20 g<\/em><\/td>\n<\/tr>\n<tr>\n<td><em>Carbohydrates<\/em><\/td>\n<td><em>40 g<\/em><\/td>\n<\/tr>\n<tr>\n<td><em>of which sugars<\/em><\/td>\n<td><em>37 g<\/em><\/td>\n<\/tr>\n<tr>\n<td><em>Fiber<\/em><\/td>\n<td>0,0 g<\/td>\n<\/tr>\n<tr>\n<td><em>Protein<\/em><\/td>\n<td><em>7,1\u00a0 g<\/em><\/td>\n<\/tr>\n<tr>\n<td><em>Salt<\/em><\/td>\n<td><em>0,01 g<\/em><\/td>\n<\/tr>\n<\/tbody>\n<\/table>\n","protected":false},"excerpt":{"rendered":"<p>Rich taste of dark chocolate in combination with almonds and grated coconut<\/p>\n","protected":false},"featured_media":2358,"template":"","meta":{"_acf_changed":false},"product_brand":[],"product_cat":[65],"product_tag":[114],"class_list":{"0":"post-3023","1":"product","2":"type-product","3":"status-publish","4":"has-post-thumbnail","6":"product_cat-creativ-line-chocolate-bars","7":"product_tag-nestville-chocolate-en","9":"first","10":"instock","11":"taxable","12":"shipping-taxable","13":"purchasable","14":"product-type-simple"},"acf":[],"yoast_head":"<!-- This site is optimized with the Yoast SEO plugin v27.5 - https:\/\/yoast.com\/product\/yoast-seo-wordpress\/ -->\n<title>Dark chocolate with almonds and grated coconut - Nestville Chocolate<\/title>\n<meta name=\"robots\" content=\"index, follow, max-snippet:-1, max-image-preview:large, max-video-preview:-1\" \/>\n<link rel=\"canonical\" href=\"https:\/\/nestvillechocolate.sk\/en\/produkt\/dark-chocolate-with-almonds-and-grated-coconut\/\" \/>\n<meta property=\"og:locale\" content=\"en_US\" \/>\n<meta property=\"og:type\" content=\"article\" \/>\n<meta property=\"og:title\" content=\"Dark chocolate with almonds and grated coconut - Nestville Chocolate\" \/>\n<meta property=\"og:description\" content=\"Rich taste of dark chocolate in combination with almonds and grated coconut\" \/>\n<meta property=\"og:url\" content=\"https:\/\/nestvillechocolate.sk\/en\/produkt\/dark-chocolate-with-almonds-and-grated-coconut\/\" \/>\n<meta property=\"og:site_name\" content=\"Nestville Chocolate\" \/>\n<meta property=\"article:modified_time\" content=\"2025-06-24T07:02:35+00:00\" \/>\n<meta property=\"og:image\" content=\"https:\/\/nestvillechocolate.sk\/wp-content\/uploads\/2020\/11\/0027_Cokolada-okienko-24.png\" \/>\n\t<meta property=\"og:image:width\" content=\"1200\" \/>\n\t<meta property=\"og:image:height\" content=\"1200\" \/>\n\t<meta property=\"og:image:type\" content=\"image\/png\" \/>\n<meta name=\"twitter:card\" content=\"summary_large_image\" \/>\n<script type=\"application\/ld+json\" class=\"yoast-schema-graph\">{\"@context\":\"https:\\\/\\\/schema.org\",\"@graph\":[{\"@type\":\"WebPage\",\"@id\":\"https:\\\/\\\/nestvillechocolate.sk\\\/en\\\/produkt\\\/dark-chocolate-with-almonds-and-grated-coconut\\\/\",\"url\":\"https:\\\/\\\/nestvillechocolate.sk\\\/en\\\/produkt\\\/dark-chocolate-with-almonds-and-grated-coconut\\\/\",\"name\":\"Dark chocolate with almonds and grated coconut - Nestville Chocolate\",\"isPartOf\":{\"@id\":\"https:\\\/\\\/nestvillechocolate.sk\\\/en\\\/#website\"},\"primaryImageOfPage\":{\"@id\":\"https:\\\/\\\/nestvillechocolate.sk\\\/en\\\/produkt\\\/dark-chocolate-with-almonds-and-grated-coconut\\\/#primaryimage\"},\"image\":{\"@id\":\"https:\\\/\\\/nestvillechocolate.sk\\\/en\\\/produkt\\\/dark-chocolate-with-almonds-and-grated-coconut\\\/#primaryimage\"},\"thumbnailUrl\":\"https:\\\/\\\/nestvillechocolate.sk\\\/wp-content\\\/uploads\\\/2020\\\/11\\\/0027_Cokolada-okienko-24.png\",\"datePublished\":\"2020-10-28T08:27:11+00:00\",\"dateModified\":\"2025-06-24T07:02:35+00:00\",\"breadcrumb\":{\"@id\":\"https:\\\/\\\/nestvillechocolate.sk\\\/en\\\/produkt\\\/dark-chocolate-with-almonds-and-grated-coconut\\\/#breadcrumb\"},\"inLanguage\":\"en-US\",\"potentialAction\":[{\"@type\":\"ReadAction\",\"target\":[\"https:\\\/\\\/nestvillechocolate.sk\\\/en\\\/produkt\\\/dark-chocolate-with-almonds-and-grated-coconut\\\/\"]}]},{\"@type\":\"ImageObject\",\"inLanguage\":\"en-US\",\"@id\":\"https:\\\/\\\/nestvillechocolate.sk\\\/en\\\/produkt\\\/dark-chocolate-with-almonds-and-grated-coconut\\\/#primaryimage\",\"url\":\"https:\\\/\\\/nestvillechocolate.sk\\\/wp-content\\\/uploads\\\/2020\\\/11\\\/0027_Cokolada-okienko-24.png\",\"contentUrl\":\"https:\\\/\\\/nestvillechocolate.sk\\\/wp-content\\\/uploads\\\/2020\\\/11\\\/0027_Cokolada-okienko-24.png\",\"width\":1200,\"height\":1200,\"caption\":\"\u010cokol\u00e1da s mand\u013eami a kokosov\u00fdmi lupienkami\"},{\"@type\":\"BreadcrumbList\",\"@id\":\"https:\\\/\\\/nestvillechocolate.sk\\\/en\\\/produkt\\\/dark-chocolate-with-almonds-and-grated-coconut\\\/#breadcrumb\",\"itemListElement\":[{\"@type\":\"ListItem\",\"position\":1,\"name\":\"Domovsk\u00e1 str\u00e1nka\",\"item\":\"https:\\\/\\\/nestvillechocolate.sk\\\/en\\\/\"},{\"@type\":\"ListItem\",\"position\":2,\"name\":\"Shop\",\"item\":\"https:\\\/\\\/nestvillechocolate.sk\\\/en\\\/shop\\\/\"},{\"@type\":\"ListItem\",\"position\":3,\"name\":\"Dark chocolate with almonds and grated coconut\"}]},{\"@type\":\"WebSite\",\"@id\":\"https:\\\/\\\/nestvillechocolate.sk\\\/en\\\/#website\",\"url\":\"https:\\\/\\\/nestvillechocolate.sk\\\/en\\\/\",\"name\":\"Nestville Chocolate\",\"description\":\"Hniezdne\",\"publisher\":{\"@id\":\"https:\\\/\\\/nestvillechocolate.sk\\\/en\\\/#organization\"},\"potentialAction\":[{\"@type\":\"SearchAction\",\"target\":{\"@type\":\"EntryPoint\",\"urlTemplate\":\"https:\\\/\\\/nestvillechocolate.sk\\\/en\\\/?s={search_term_string}\"},\"query-input\":{\"@type\":\"PropertyValueSpecification\",\"valueRequired\":true,\"valueName\":\"search_term_string\"}}],\"inLanguage\":\"en-US\"},{\"@type\":\"Organization\",\"@id\":\"https:\\\/\\\/nestvillechocolate.sk\\\/en\\\/#organization\",\"name\":\"Nestville Chocolate\",\"url\":\"https:\\\/\\\/nestvillechocolate.sk\\\/en\\\/\",\"logo\":{\"@type\":\"ImageObject\",\"inLanguage\":\"en-US\",\"@id\":\"https:\\\/\\\/nestvillechocolate.sk\\\/en\\\/#\\\/schema\\\/logo\\\/image\\\/\",\"url\":\"https:\\\/\\\/nestvillechocolate.sk\\\/wp-content\\\/uploads\\\/2020\\\/11\\\/fav.png\",\"contentUrl\":\"https:\\\/\\\/nestvillechocolate.sk\\\/wp-content\\\/uploads\\\/2020\\\/11\\\/fav.png\",\"width\":512,\"height\":512,\"caption\":\"Nestville Chocolate\"},\"image\":{\"@id\":\"https:\\\/\\\/nestvillechocolate.sk\\\/en\\\/#\\\/schema\\\/logo\\\/image\\\/\"}}]}<\/script>\n<!-- \/ Yoast SEO plugin. -->","yoast_head_json":{"title":"Dark chocolate with almonds and grated coconut - Nestville Chocolate","robots":{"index":"index","follow":"follow","max-snippet":"max-snippet:-1","max-image-preview":"max-image-preview:large","max-video-preview":"max-video-preview:-1"},"canonical":"https:\/\/nestvillechocolate.sk\/en\/produkt\/dark-chocolate-with-almonds-and-grated-coconut\/","og_locale":"en_US","og_type":"article","og_title":"Dark chocolate with almonds and grated coconut - Nestville Chocolate","og_description":"Rich taste of dark chocolate in combination with almonds and grated coconut","og_url":"https:\/\/nestvillechocolate.sk\/en\/produkt\/dark-chocolate-with-almonds-and-grated-coconut\/","og_site_name":"Nestville Chocolate","article_modified_time":"2025-06-24T07:02:35+00:00","og_image":[{"width":1200,"height":1200,"url":"https:\/\/nestvillechocolate.sk\/wp-content\/uploads\/2020\/11\/0027_Cokolada-okienko-24.png","type":"image\/png"}],"twitter_card":"summary_large_image","schema":{"@context":"https:\/\/schema.org","@graph":[{"@type":"WebPage","@id":"https:\/\/nestvillechocolate.sk\/en\/produkt\/dark-chocolate-with-almonds-and-grated-coconut\/","url":"https:\/\/nestvillechocolate.sk\/en\/produkt\/dark-chocolate-with-almonds-and-grated-coconut\/","name":"Dark chocolate with almonds and grated coconut - Nestville Chocolate","isPartOf":{"@id":"https:\/\/nestvillechocolate.sk\/en\/#website"},"primaryImageOfPage":{"@id":"https:\/\/nestvillechocolate.sk\/en\/produkt\/dark-chocolate-with-almonds-and-grated-coconut\/#primaryimage"},"image":{"@id":"https:\/\/nestvillechocolate.sk\/en\/produkt\/dark-chocolate-with-almonds-and-grated-coconut\/#primaryimage"},"thumbnailUrl":"https:\/\/nestvillechocolate.sk\/wp-content\/uploads\/2020\/11\/0027_Cokolada-okienko-24.png","datePublished":"2020-10-28T08:27:11+00:00","dateModified":"2025-06-24T07:02:35+00:00","breadcrumb":{"@id":"https:\/\/nestvillechocolate.sk\/en\/produkt\/dark-chocolate-with-almonds-and-grated-coconut\/#breadcrumb"},"inLanguage":"en-US","potentialAction":[{"@type":"ReadAction","target":["https:\/\/nestvillechocolate.sk\/en\/produkt\/dark-chocolate-with-almonds-and-grated-coconut\/"]}]},{"@type":"ImageObject","inLanguage":"en-US","@id":"https:\/\/nestvillechocolate.sk\/en\/produkt\/dark-chocolate-with-almonds-and-grated-coconut\/#primaryimage","url":"https:\/\/nestvillechocolate.sk\/wp-content\/uploads\/2020\/11\/0027_Cokolada-okienko-24.png","contentUrl":"https:\/\/nestvillechocolate.sk\/wp-content\/uploads\/2020\/11\/0027_Cokolada-okienko-24.png","width":1200,"height":1200,"caption":"\u010cokol\u00e1da s mand\u013eami a kokosov\u00fdmi lupienkami"},{"@type":"BreadcrumbList","@id":"https:\/\/nestvillechocolate.sk\/en\/produkt\/dark-chocolate-with-almonds-and-grated-coconut\/#breadcrumb","itemListElement":[{"@type":"ListItem","position":1,"name":"Domovsk\u00e1 str\u00e1nka","item":"https:\/\/nestvillechocolate.sk\/en\/"},{"@type":"ListItem","position":2,"name":"Shop","item":"https:\/\/nestvillechocolate.sk\/en\/shop\/"},{"@type":"ListItem","position":3,"name":"Dark chocolate with almonds and grated coconut"}]},{"@type":"WebSite","@id":"https:\/\/nestvillechocolate.sk\/en\/#website","url":"https:\/\/nestvillechocolate.sk\/en\/","name":"Nestville Chocolate","description":"Hniezdne","publisher":{"@id":"https:\/\/nestvillechocolate.sk\/en\/#organization"},"potentialAction":[{"@type":"SearchAction","target":{"@type":"EntryPoint","urlTemplate":"https:\/\/nestvillechocolate.sk\/en\/?s={search_term_string}"},"query-input":{"@type":"PropertyValueSpecification","valueRequired":true,"valueName":"search_term_string"}}],"inLanguage":"en-US"},{"@type":"Organization","@id":"https:\/\/nestvillechocolate.sk\/en\/#organization","name":"Nestville Chocolate","url":"https:\/\/nestvillechocolate.sk\/en\/","logo":{"@type":"ImageObject","inLanguage":"en-US","@id":"https:\/\/nestvillechocolate.sk\/en\/#\/schema\/logo\/image\/","url":"https:\/\/nestvillechocolate.sk\/wp-content\/uploads\/2020\/11\/fav.png","contentUrl":"https:\/\/nestvillechocolate.sk\/wp-content\/uploads\/2020\/11\/fav.png","width":512,"height":512,"caption":"Nestville Chocolate"},"image":{"@id":"https:\/\/nestvillechocolate.sk\/en\/#\/schema\/logo\/image\/"}}]}},"_links":{"self":[{"href":"https:\/\/nestvillechocolate.sk\/en\/wp-json\/wp\/v2\/product\/3023","targetHints":{"allow":["GET"]}}],"collection":[{"href":"https:\/\/nestvillechocolate.sk\/en\/wp-json\/wp\/v2\/product"}],"about":[{"href":"https:\/\/nestvillechocolate.sk\/en\/wp-json\/wp\/v2\/types\/product"}],"wp:featuredmedia":[{"embeddable":true,"href":"https:\/\/nestvillechocolate.sk\/en\/wp-json\/wp\/v2\/media\/2358"}],"wp:attachment":[{"href":"https:\/\/nestvillechocolate.sk\/en\/wp-json\/wp\/v2\/media?parent=3023"}],"wp:term":[{"taxonomy":"product_brand","embeddable":true,"href":"https:\/\/nestvillechocolate.sk\/en\/wp-json\/wp\/v2\/product_brand?post=3023"},{"taxonomy":"product_cat","embeddable":true,"href":"https:\/\/nestvillechocolate.sk\/en\/wp-json\/wp\/v2\/product_cat?post=3023"},{"taxonomy":"product_tag","embeddable":true,"href":"https:\/\/nestvillechocolate.sk\/en\/wp-json\/wp\/v2\/product_tag?post=3023"}],"curies":[{"name":"wp","href":"https:\/\/api.w.org\/{rel}","templated":true}]}}