{"id":3000,"date":"2020-10-29T15:19:42","date_gmt":"2020-10-29T14:19:42","guid":{"rendered":"https:\/\/nestvillechocolate.sk\/produkt\/prunes-in-milk-chocolate\/"},"modified":"2020-10-29T15:19:42","modified_gmt":"2020-10-29T14:19:42","slug":"prunes-in-milk-chocolate","status":"publish","type":"product","link":"https:\/\/nestvillechocolate.sk\/en\/produkt\/prunes-in-milk-chocolate\/","title":{"rendered":"Prunes in Milk Chocolate"},"content":{"rendered":"<h3>Ingredients<\/h3>\n<p>prunes 69%, milk chocolate 31% (sugar, cocoa mass, cocoa butter, whole milk powder, natural vanilla aroma, emulsifier: soy lecithin. In milk chocolate cocoa solids at least 35%.<\/p>\n<h4><strong>Weight:<\/strong>\u00a0100g<\/h4>\n<h3>Nutrition Facts per 100 g<\/h3>\n<table class=\"nutricni\">\n<tbody>\n<tr>\n<td>Energy<\/td>\n<td>1258 KJ\/300 kcal<\/td>\n<\/tr>\n<tr>\n<td>Total Fat<\/td>\n<td>12 g<\/td>\n<\/tr>\n<tr>\n<td><i>of which saturates<\/i><\/td>\n<td>7,0 g<\/td>\n<\/tr>\n<tr>\n<td>Carbohydrates<\/td>\n<td>44 g<\/td>\n<\/tr>\n<tr>\n<td><i>of which sugars<\/i><\/td>\n<td>33 g<\/td>\n<\/tr>\n<tr>\n<td>Fiber<\/td>\n<td>0,0 g<\/td>\n<\/tr>\n<tr>\n<td>Protein<\/td>\n<td>3,9 g<\/td>\n<\/tr>\n<tr>\n<td>Salt<\/td>\n<td>0,08 g<\/td>\n<\/tr>\n<\/tbody>\n<\/table>\n","protected":false},"excerpt":{"rendered":"<p>We do our best to preserve the natural flavour, aroma, and consistency of dried fruit in combination with real Belgian chocolate to create a unique flavour.<\/p>\n","protected":false},"featured_media":2481,"template":"","meta":{"_acf_changed":false},"product_brand":[],"product_cat":[76],"product_tag":[],"class_list":{"0":"post-3000","1":"product","2":"type-product","3":"status-publish","4":"has-post-thumbnail","6":"product_cat-spreads-and-dried-fruits","8":"first","9":"instock","10":"taxable","11":"shipping-taxable","12":"purchasable","13":"product-type-simple"},"acf":[],"yoast_head":"<!-- This site is optimized with the Yoast SEO plugin v27.5 - https:\/\/yoast.com\/product\/yoast-seo-wordpress\/ -->\n<title>Prunes in Milk Chocolate - Nestville Chocolate<\/title>\n<meta name=\"robots\" content=\"index, follow, max-snippet:-1, max-image-preview:large, max-video-preview:-1\" \/>\n<link rel=\"canonical\" href=\"https:\/\/nestvillechocolate.sk\/en\/produkt\/prunes-in-milk-chocolate\/\" \/>\n<meta property=\"og:locale\" content=\"en_US\" \/>\n<meta property=\"og:type\" content=\"article\" \/>\n<meta property=\"og:title\" content=\"Prunes in Milk Chocolate - Nestville Chocolate\" \/>\n<meta property=\"og:description\" content=\"We do our best to preserve the natural flavour, aroma, and consistency of dried fruit in combination with real Belgian chocolate to create a unique flavour.\" \/>\n<meta property=\"og:url\" content=\"https:\/\/nestvillechocolate.sk\/en\/produkt\/prunes-in-milk-chocolate\/\" \/>\n<meta property=\"og:site_name\" content=\"Nestville Chocolate\" \/>\n<meta property=\"og:image\" content=\"https:\/\/nestvillechocolate.sk\/wp-content\/uploads\/2020\/10\/0086_Susene-Slivky-2.png\" \/>\n\t<meta property=\"og:image:width\" content=\"1200\" \/>\n\t<meta property=\"og:image:height\" content=\"1200\" \/>\n\t<meta property=\"og:image:type\" content=\"image\/png\" \/>\n<meta name=\"twitter:card\" content=\"summary_large_image\" \/>\n<script type=\"application\/ld+json\" class=\"yoast-schema-graph\">{\"@context\":\"https:\\\/\\\/schema.org\",\"@graph\":[{\"@type\":\"WebPage\",\"@id\":\"https:\\\/\\\/nestvillechocolate.sk\\\/en\\\/produkt\\\/prunes-in-milk-chocolate\\\/\",\"url\":\"https:\\\/\\\/nestvillechocolate.sk\\\/en\\\/produkt\\\/prunes-in-milk-chocolate\\\/\",\"name\":\"Prunes in Milk Chocolate - Nestville Chocolate\",\"isPartOf\":{\"@id\":\"https:\\\/\\\/nestvillechocolate.sk\\\/en\\\/#website\"},\"primaryImageOfPage\":{\"@id\":\"https:\\\/\\\/nestvillechocolate.sk\\\/en\\\/produkt\\\/prunes-in-milk-chocolate\\\/#primaryimage\"},\"image\":{\"@id\":\"https:\\\/\\\/nestvillechocolate.sk\\\/en\\\/produkt\\\/prunes-in-milk-chocolate\\\/#primaryimage\"},\"thumbnailUrl\":\"https:\\\/\\\/nestvillechocolate.sk\\\/wp-content\\\/uploads\\\/2020\\\/10\\\/0086_Susene-Slivky-2.png\",\"datePublished\":\"2020-10-29T14:19:42+00:00\",\"breadcrumb\":{\"@id\":\"https:\\\/\\\/nestvillechocolate.sk\\\/en\\\/produkt\\\/prunes-in-milk-chocolate\\\/#breadcrumb\"},\"inLanguage\":\"en-US\",\"potentialAction\":[{\"@type\":\"ReadAction\",\"target\":[\"https:\\\/\\\/nestvillechocolate.sk\\\/en\\\/produkt\\\/prunes-in-milk-chocolate\\\/\"]}]},{\"@type\":\"ImageObject\",\"inLanguage\":\"en-US\",\"@id\":\"https:\\\/\\\/nestvillechocolate.sk\\\/en\\\/produkt\\\/prunes-in-milk-chocolate\\\/#primaryimage\",\"url\":\"https:\\\/\\\/nestvillechocolate.sk\\\/wp-content\\\/uploads\\\/2020\\\/10\\\/0086_Susene-Slivky-2.png\",\"contentUrl\":\"https:\\\/\\\/nestvillechocolate.sk\\\/wp-content\\\/uploads\\\/2020\\\/10\\\/0086_Susene-Slivky-2.png\",\"width\":1200,\"height\":1200,\"caption\":\"Su\u0161en\u00e9 slivky v \u010dokol\u00e1de\"},{\"@type\":\"BreadcrumbList\",\"@id\":\"https:\\\/\\\/nestvillechocolate.sk\\\/en\\\/produkt\\\/prunes-in-milk-chocolate\\\/#breadcrumb\",\"itemListElement\":[{\"@type\":\"ListItem\",\"position\":1,\"name\":\"Domovsk\u00e1 str\u00e1nka\",\"item\":\"https:\\\/\\\/nestvillechocolate.sk\\\/en\\\/\"},{\"@type\":\"ListItem\",\"position\":2,\"name\":\"Shop\",\"item\":\"https:\\\/\\\/nestvillechocolate.sk\\\/en\\\/shop\\\/\"},{\"@type\":\"ListItem\",\"position\":3,\"name\":\"Prunes in Milk Chocolate\"}]},{\"@type\":\"WebSite\",\"@id\":\"https:\\\/\\\/nestvillechocolate.sk\\\/en\\\/#website\",\"url\":\"https:\\\/\\\/nestvillechocolate.sk\\\/en\\\/\",\"name\":\"Nestville Chocolate\",\"description\":\"Hniezdne\",\"publisher\":{\"@id\":\"https:\\\/\\\/nestvillechocolate.sk\\\/en\\\/#organization\"},\"potentialAction\":[{\"@type\":\"SearchAction\",\"target\":{\"@type\":\"EntryPoint\",\"urlTemplate\":\"https:\\\/\\\/nestvillechocolate.sk\\\/en\\\/?s={search_term_string}\"},\"query-input\":{\"@type\":\"PropertyValueSpecification\",\"valueRequired\":true,\"valueName\":\"search_term_string\"}}],\"inLanguage\":\"en-US\"},{\"@type\":\"Organization\",\"@id\":\"https:\\\/\\\/nestvillechocolate.sk\\\/en\\\/#organization\",\"name\":\"Nestville Chocolate\",\"url\":\"https:\\\/\\\/nestvillechocolate.sk\\\/en\\\/\",\"logo\":{\"@type\":\"ImageObject\",\"inLanguage\":\"en-US\",\"@id\":\"https:\\\/\\\/nestvillechocolate.sk\\\/en\\\/#\\\/schema\\\/logo\\\/image\\\/\",\"url\":\"https:\\\/\\\/nestvillechocolate.sk\\\/wp-content\\\/uploads\\\/2020\\\/11\\\/fav.png\",\"contentUrl\":\"https:\\\/\\\/nestvillechocolate.sk\\\/wp-content\\\/uploads\\\/2020\\\/11\\\/fav.png\",\"width\":512,\"height\":512,\"caption\":\"Nestville Chocolate\"},\"image\":{\"@id\":\"https:\\\/\\\/nestvillechocolate.sk\\\/en\\\/#\\\/schema\\\/logo\\\/image\\\/\"}}]}<\/script>\n<!-- \/ Yoast SEO plugin. -->","yoast_head_json":{"title":"Prunes in Milk Chocolate - Nestville Chocolate","robots":{"index":"index","follow":"follow","max-snippet":"max-snippet:-1","max-image-preview":"max-image-preview:large","max-video-preview":"max-video-preview:-1"},"canonical":"https:\/\/nestvillechocolate.sk\/en\/produkt\/prunes-in-milk-chocolate\/","og_locale":"en_US","og_type":"article","og_title":"Prunes in Milk Chocolate - Nestville Chocolate","og_description":"We do our best to preserve the natural flavour, aroma, and consistency of dried fruit in combination with real Belgian chocolate to create a unique flavour.","og_url":"https:\/\/nestvillechocolate.sk\/en\/produkt\/prunes-in-milk-chocolate\/","og_site_name":"Nestville Chocolate","og_image":[{"width":1200,"height":1200,"url":"https:\/\/nestvillechocolate.sk\/wp-content\/uploads\/2020\/10\/0086_Susene-Slivky-2.png","type":"image\/png"}],"twitter_card":"summary_large_image","schema":{"@context":"https:\/\/schema.org","@graph":[{"@type":"WebPage","@id":"https:\/\/nestvillechocolate.sk\/en\/produkt\/prunes-in-milk-chocolate\/","url":"https:\/\/nestvillechocolate.sk\/en\/produkt\/prunes-in-milk-chocolate\/","name":"Prunes in Milk Chocolate - Nestville Chocolate","isPartOf":{"@id":"https:\/\/nestvillechocolate.sk\/en\/#website"},"primaryImageOfPage":{"@id":"https:\/\/nestvillechocolate.sk\/en\/produkt\/prunes-in-milk-chocolate\/#primaryimage"},"image":{"@id":"https:\/\/nestvillechocolate.sk\/en\/produkt\/prunes-in-milk-chocolate\/#primaryimage"},"thumbnailUrl":"https:\/\/nestvillechocolate.sk\/wp-content\/uploads\/2020\/10\/0086_Susene-Slivky-2.png","datePublished":"2020-10-29T14:19:42+00:00","breadcrumb":{"@id":"https:\/\/nestvillechocolate.sk\/en\/produkt\/prunes-in-milk-chocolate\/#breadcrumb"},"inLanguage":"en-US","potentialAction":[{"@type":"ReadAction","target":["https:\/\/nestvillechocolate.sk\/en\/produkt\/prunes-in-milk-chocolate\/"]}]},{"@type":"ImageObject","inLanguage":"en-US","@id":"https:\/\/nestvillechocolate.sk\/en\/produkt\/prunes-in-milk-chocolate\/#primaryimage","url":"https:\/\/nestvillechocolate.sk\/wp-content\/uploads\/2020\/10\/0086_Susene-Slivky-2.png","contentUrl":"https:\/\/nestvillechocolate.sk\/wp-content\/uploads\/2020\/10\/0086_Susene-Slivky-2.png","width":1200,"height":1200,"caption":"Su\u0161en\u00e9 slivky v \u010dokol\u00e1de"},{"@type":"BreadcrumbList","@id":"https:\/\/nestvillechocolate.sk\/en\/produkt\/prunes-in-milk-chocolate\/#breadcrumb","itemListElement":[{"@type":"ListItem","position":1,"name":"Domovsk\u00e1 str\u00e1nka","item":"https:\/\/nestvillechocolate.sk\/en\/"},{"@type":"ListItem","position":2,"name":"Shop","item":"https:\/\/nestvillechocolate.sk\/en\/shop\/"},{"@type":"ListItem","position":3,"name":"Prunes in Milk Chocolate"}]},{"@type":"WebSite","@id":"https:\/\/nestvillechocolate.sk\/en\/#website","url":"https:\/\/nestvillechocolate.sk\/en\/","name":"Nestville Chocolate","description":"Hniezdne","publisher":{"@id":"https:\/\/nestvillechocolate.sk\/en\/#organization"},"potentialAction":[{"@type":"SearchAction","target":{"@type":"EntryPoint","urlTemplate":"https:\/\/nestvillechocolate.sk\/en\/?s={search_term_string}"},"query-input":{"@type":"PropertyValueSpecification","valueRequired":true,"valueName":"search_term_string"}}],"inLanguage":"en-US"},{"@type":"Organization","@id":"https:\/\/nestvillechocolate.sk\/en\/#organization","name":"Nestville Chocolate","url":"https:\/\/nestvillechocolate.sk\/en\/","logo":{"@type":"ImageObject","inLanguage":"en-US","@id":"https:\/\/nestvillechocolate.sk\/en\/#\/schema\/logo\/image\/","url":"https:\/\/nestvillechocolate.sk\/wp-content\/uploads\/2020\/11\/fav.png","contentUrl":"https:\/\/nestvillechocolate.sk\/wp-content\/uploads\/2020\/11\/fav.png","width":512,"height":512,"caption":"Nestville Chocolate"},"image":{"@id":"https:\/\/nestvillechocolate.sk\/en\/#\/schema\/logo\/image\/"}}]}},"_links":{"self":[{"href":"https:\/\/nestvillechocolate.sk\/en\/wp-json\/wp\/v2\/product\/3000","targetHints":{"allow":["GET"]}}],"collection":[{"href":"https:\/\/nestvillechocolate.sk\/en\/wp-json\/wp\/v2\/product"}],"about":[{"href":"https:\/\/nestvillechocolate.sk\/en\/wp-json\/wp\/v2\/types\/product"}],"wp:featuredmedia":[{"embeddable":true,"href":"https:\/\/nestvillechocolate.sk\/en\/wp-json\/wp\/v2\/media\/2481"}],"wp:attachment":[{"href":"https:\/\/nestvillechocolate.sk\/en\/wp-json\/wp\/v2\/media?parent=3000"}],"wp:term":[{"taxonomy":"product_brand","embeddable":true,"href":"https:\/\/nestvillechocolate.sk\/en\/wp-json\/wp\/v2\/product_brand?post=3000"},{"taxonomy":"product_cat","embeddable":true,"href":"https:\/\/nestvillechocolate.sk\/en\/wp-json\/wp\/v2\/product_cat?post=3000"},{"taxonomy":"product_tag","embeddable":true,"href":"https:\/\/nestvillechocolate.sk\/en\/wp-json\/wp\/v2\/product_tag?post=3000"}],"curies":[{"name":"wp","href":"https:\/\/api.w.org\/{rel}","templated":true}]}}