{"id":2988,"date":"2020-11-02T14:57:10","date_gmt":"2020-11-02T13:57:10","guid":{"rendered":"https:\/\/nestvillechocolate.sk\/produkt\/chocolate-ball\/"},"modified":"2025-06-24T08:38:49","modified_gmt":"2025-06-24T06:38:49","slug":"chocolate-ball","status":"publish","type":"product","link":"https:\/\/nestvillechocolate.sk\/en\/produkt\/chocolate-ball\/","title":{"rendered":"Chocolate Ball"},"content":{"rendered":"<h3>Weight: 100g<\/h3>\n","protected":false},"excerpt":{"rendered":"<p>Our chocolate ball is a delicacy for every football lover. The figure was made exclusively of white chocolate. &#8220;Patches&#8221; are made from dark chocolate. This gift is sure to please every active footballer or football fan!<\/p>\n","protected":false},"featured_media":2475,"template":"","meta":{"_acf_changed":false},"product_brand":[],"product_cat":[122],"product_tag":[],"class_list":{"0":"post-2988","1":"product","2":"type-product","3":"status-publish","4":"has-post-thumbnail","6":"product_cat-holidays-and-birthdays","8":"first","9":"instock","10":"taxable","11":"shipping-taxable","12":"purchasable","13":"product-type-simple"},"acf":[],"yoast_head":"<!-- This site is optimized with the Yoast SEO plugin v27.4 - https:\/\/yoast.com\/product\/yoast-seo-wordpress\/ -->\n<title>Chocolate Ball - Nestville Chocolate<\/title>\n<meta name=\"robots\" content=\"index, follow, max-snippet:-1, max-image-preview:large, max-video-preview:-1\" \/>\n<link rel=\"canonical\" href=\"https:\/\/nestvillechocolate.sk\/en\/produkt\/chocolate-ball\/\" \/>\n<meta property=\"og:locale\" content=\"en_US\" \/>\n<meta property=\"og:type\" content=\"article\" \/>\n<meta property=\"og:title\" content=\"Chocolate Ball - Nestville Chocolate\" \/>\n<meta property=\"og:description\" content=\"Our chocolate ball is a delicacy for every football lover. The figure was made exclusively of white chocolate. &quot;Patches&quot; are made from dark chocolate. This gift is sure to please every active footballer or football fan!\" \/>\n<meta property=\"og:url\" content=\"https:\/\/nestvillechocolate.sk\/en\/produkt\/chocolate-ball\/\" \/>\n<meta property=\"og:site_name\" content=\"Nestville Chocolate\" \/>\n<meta property=\"article:modified_time\" content=\"2025-06-24T06:38:49+00:00\" \/>\n<meta property=\"og:image\" content=\"https:\/\/nestvillechocolate.sk\/wp-content\/uploads\/2020\/10\/0080_Layer-1.png\" \/>\n\t<meta property=\"og:image:width\" content=\"1200\" \/>\n\t<meta property=\"og:image:height\" content=\"1200\" \/>\n\t<meta property=\"og:image:type\" content=\"image\/png\" \/>\n<meta name=\"twitter:card\" content=\"summary_large_image\" \/>\n<script type=\"application\/ld+json\" class=\"yoast-schema-graph\">{\"@context\":\"https:\\\/\\\/schema.org\",\"@graph\":[{\"@type\":\"WebPage\",\"@id\":\"https:\\\/\\\/nestvillechocolate.sk\\\/en\\\/produkt\\\/chocolate-ball\\\/\",\"url\":\"https:\\\/\\\/nestvillechocolate.sk\\\/en\\\/produkt\\\/chocolate-ball\\\/\",\"name\":\"Chocolate Ball - Nestville Chocolate\",\"isPartOf\":{\"@id\":\"https:\\\/\\\/nestvillechocolate.sk\\\/en\\\/#website\"},\"primaryImageOfPage\":{\"@id\":\"https:\\\/\\\/nestvillechocolate.sk\\\/en\\\/produkt\\\/chocolate-ball\\\/#primaryimage\"},\"image\":{\"@id\":\"https:\\\/\\\/nestvillechocolate.sk\\\/en\\\/produkt\\\/chocolate-ball\\\/#primaryimage\"},\"thumbnailUrl\":\"https:\\\/\\\/nestvillechocolate.sk\\\/wp-content\\\/uploads\\\/2020\\\/10\\\/0080_Layer-1.png\",\"datePublished\":\"2020-11-02T13:57:10+00:00\",\"dateModified\":\"2025-06-24T06:38:49+00:00\",\"breadcrumb\":{\"@id\":\"https:\\\/\\\/nestvillechocolate.sk\\\/en\\\/produkt\\\/chocolate-ball\\\/#breadcrumb\"},\"inLanguage\":\"en-US\",\"potentialAction\":[{\"@type\":\"ReadAction\",\"target\":[\"https:\\\/\\\/nestvillechocolate.sk\\\/en\\\/produkt\\\/chocolate-ball\\\/\"]}]},{\"@type\":\"ImageObject\",\"inLanguage\":\"en-US\",\"@id\":\"https:\\\/\\\/nestvillechocolate.sk\\\/en\\\/produkt\\\/chocolate-ball\\\/#primaryimage\",\"url\":\"https:\\\/\\\/nestvillechocolate.sk\\\/wp-content\\\/uploads\\\/2020\\\/10\\\/0080_Layer-1.png\",\"contentUrl\":\"https:\\\/\\\/nestvillechocolate.sk\\\/wp-content\\\/uploads\\\/2020\\\/10\\\/0080_Layer-1.png\",\"width\":1200,\"height\":1200,\"caption\":\"\u010dokol\u00e1da v tvare lopty mlie\u010dna a biela \u010dokol\u00e1da\"},{\"@type\":\"BreadcrumbList\",\"@id\":\"https:\\\/\\\/nestvillechocolate.sk\\\/en\\\/produkt\\\/chocolate-ball\\\/#breadcrumb\",\"itemListElement\":[{\"@type\":\"ListItem\",\"position\":1,\"name\":\"Domovsk\u00e1 str\u00e1nka\",\"item\":\"https:\\\/\\\/nestvillechocolate.sk\\\/en\\\/\"},{\"@type\":\"ListItem\",\"position\":2,\"name\":\"Shop\",\"item\":\"https:\\\/\\\/nestvillechocolate.sk\\\/en\\\/shop\\\/\"},{\"@type\":\"ListItem\",\"position\":3,\"name\":\"Chocolate Ball\"}]},{\"@type\":\"WebSite\",\"@id\":\"https:\\\/\\\/nestvillechocolate.sk\\\/en\\\/#website\",\"url\":\"https:\\\/\\\/nestvillechocolate.sk\\\/en\\\/\",\"name\":\"Nestville Chocolate\",\"description\":\"Hniezdne\",\"publisher\":{\"@id\":\"https:\\\/\\\/nestvillechocolate.sk\\\/en\\\/#organization\"},\"potentialAction\":[{\"@type\":\"SearchAction\",\"target\":{\"@type\":\"EntryPoint\",\"urlTemplate\":\"https:\\\/\\\/nestvillechocolate.sk\\\/en\\\/?s={search_term_string}\"},\"query-input\":{\"@type\":\"PropertyValueSpecification\",\"valueRequired\":true,\"valueName\":\"search_term_string\"}}],\"inLanguage\":\"en-US\"},{\"@type\":\"Organization\",\"@id\":\"https:\\\/\\\/nestvillechocolate.sk\\\/en\\\/#organization\",\"name\":\"Nestville Chocolate\",\"url\":\"https:\\\/\\\/nestvillechocolate.sk\\\/en\\\/\",\"logo\":{\"@type\":\"ImageObject\",\"inLanguage\":\"en-US\",\"@id\":\"https:\\\/\\\/nestvillechocolate.sk\\\/en\\\/#\\\/schema\\\/logo\\\/image\\\/\",\"url\":\"https:\\\/\\\/nestvillechocolate.sk\\\/wp-content\\\/uploads\\\/2020\\\/11\\\/fav.png\",\"contentUrl\":\"https:\\\/\\\/nestvillechocolate.sk\\\/wp-content\\\/uploads\\\/2020\\\/11\\\/fav.png\",\"width\":512,\"height\":512,\"caption\":\"Nestville Chocolate\"},\"image\":{\"@id\":\"https:\\\/\\\/nestvillechocolate.sk\\\/en\\\/#\\\/schema\\\/logo\\\/image\\\/\"}}]}<\/script>\n<!-- \/ Yoast SEO plugin. -->","yoast_head_json":{"title":"Chocolate Ball - Nestville Chocolate","robots":{"index":"index","follow":"follow","max-snippet":"max-snippet:-1","max-image-preview":"max-image-preview:large","max-video-preview":"max-video-preview:-1"},"canonical":"https:\/\/nestvillechocolate.sk\/en\/produkt\/chocolate-ball\/","og_locale":"en_US","og_type":"article","og_title":"Chocolate Ball - Nestville Chocolate","og_description":"Our chocolate ball is a delicacy for every football lover. The figure was made exclusively of white chocolate. \"Patches\" are made from dark chocolate. This gift is sure to please every active footballer or football fan!","og_url":"https:\/\/nestvillechocolate.sk\/en\/produkt\/chocolate-ball\/","og_site_name":"Nestville Chocolate","article_modified_time":"2025-06-24T06:38:49+00:00","og_image":[{"width":1200,"height":1200,"url":"https:\/\/nestvillechocolate.sk\/wp-content\/uploads\/2020\/10\/0080_Layer-1.png","type":"image\/png"}],"twitter_card":"summary_large_image","schema":{"@context":"https:\/\/schema.org","@graph":[{"@type":"WebPage","@id":"https:\/\/nestvillechocolate.sk\/en\/produkt\/chocolate-ball\/","url":"https:\/\/nestvillechocolate.sk\/en\/produkt\/chocolate-ball\/","name":"Chocolate Ball - Nestville Chocolate","isPartOf":{"@id":"https:\/\/nestvillechocolate.sk\/en\/#website"},"primaryImageOfPage":{"@id":"https:\/\/nestvillechocolate.sk\/en\/produkt\/chocolate-ball\/#primaryimage"},"image":{"@id":"https:\/\/nestvillechocolate.sk\/en\/produkt\/chocolate-ball\/#primaryimage"},"thumbnailUrl":"https:\/\/nestvillechocolate.sk\/wp-content\/uploads\/2020\/10\/0080_Layer-1.png","datePublished":"2020-11-02T13:57:10+00:00","dateModified":"2025-06-24T06:38:49+00:00","breadcrumb":{"@id":"https:\/\/nestvillechocolate.sk\/en\/produkt\/chocolate-ball\/#breadcrumb"},"inLanguage":"en-US","potentialAction":[{"@type":"ReadAction","target":["https:\/\/nestvillechocolate.sk\/en\/produkt\/chocolate-ball\/"]}]},{"@type":"ImageObject","inLanguage":"en-US","@id":"https:\/\/nestvillechocolate.sk\/en\/produkt\/chocolate-ball\/#primaryimage","url":"https:\/\/nestvillechocolate.sk\/wp-content\/uploads\/2020\/10\/0080_Layer-1.png","contentUrl":"https:\/\/nestvillechocolate.sk\/wp-content\/uploads\/2020\/10\/0080_Layer-1.png","width":1200,"height":1200,"caption":"\u010dokol\u00e1da v tvare lopty mlie\u010dna a biela \u010dokol\u00e1da"},{"@type":"BreadcrumbList","@id":"https:\/\/nestvillechocolate.sk\/en\/produkt\/chocolate-ball\/#breadcrumb","itemListElement":[{"@type":"ListItem","position":1,"name":"Domovsk\u00e1 str\u00e1nka","item":"https:\/\/nestvillechocolate.sk\/en\/"},{"@type":"ListItem","position":2,"name":"Shop","item":"https:\/\/nestvillechocolate.sk\/en\/shop\/"},{"@type":"ListItem","position":3,"name":"Chocolate Ball"}]},{"@type":"WebSite","@id":"https:\/\/nestvillechocolate.sk\/en\/#website","url":"https:\/\/nestvillechocolate.sk\/en\/","name":"Nestville Chocolate","description":"Hniezdne","publisher":{"@id":"https:\/\/nestvillechocolate.sk\/en\/#organization"},"potentialAction":[{"@type":"SearchAction","target":{"@type":"EntryPoint","urlTemplate":"https:\/\/nestvillechocolate.sk\/en\/?s={search_term_string}"},"query-input":{"@type":"PropertyValueSpecification","valueRequired":true,"valueName":"search_term_string"}}],"inLanguage":"en-US"},{"@type":"Organization","@id":"https:\/\/nestvillechocolate.sk\/en\/#organization","name":"Nestville Chocolate","url":"https:\/\/nestvillechocolate.sk\/en\/","logo":{"@type":"ImageObject","inLanguage":"en-US","@id":"https:\/\/nestvillechocolate.sk\/en\/#\/schema\/logo\/image\/","url":"https:\/\/nestvillechocolate.sk\/wp-content\/uploads\/2020\/11\/fav.png","contentUrl":"https:\/\/nestvillechocolate.sk\/wp-content\/uploads\/2020\/11\/fav.png","width":512,"height":512,"caption":"Nestville Chocolate"},"image":{"@id":"https:\/\/nestvillechocolate.sk\/en\/#\/schema\/logo\/image\/"}}]}},"_links":{"self":[{"href":"https:\/\/nestvillechocolate.sk\/en\/wp-json\/wp\/v2\/product\/2988","targetHints":{"allow":["GET"]}}],"collection":[{"href":"https:\/\/nestvillechocolate.sk\/en\/wp-json\/wp\/v2\/product"}],"about":[{"href":"https:\/\/nestvillechocolate.sk\/en\/wp-json\/wp\/v2\/types\/product"}],"wp:featuredmedia":[{"embeddable":true,"href":"https:\/\/nestvillechocolate.sk\/en\/wp-json\/wp\/v2\/media\/2475"}],"wp:attachment":[{"href":"https:\/\/nestvillechocolate.sk\/en\/wp-json\/wp\/v2\/media?parent=2988"}],"wp:term":[{"taxonomy":"product_brand","embeddable":true,"href":"https:\/\/nestvillechocolate.sk\/en\/wp-json\/wp\/v2\/product_brand?post=2988"},{"taxonomy":"product_cat","embeddable":true,"href":"https:\/\/nestvillechocolate.sk\/en\/wp-json\/wp\/v2\/product_cat?post=2988"},{"taxonomy":"product_tag","embeddable":true,"href":"https:\/\/nestvillechocolate.sk\/en\/wp-json\/wp\/v2\/product_tag?post=2988"}],"curies":[{"name":"wp","href":"https:\/\/api.w.org\/{rel}","templated":true}]}}