{"id":2940,"date":"2021-03-11T14:46:30","date_gmt":"2021-03-11T13:46:30","guid":{"rendered":"https:\/\/nestvillechocolate.sk\/produkt\/homemade-easter-bread\/"},"modified":"2021-03-21T15:26:29","modified_gmt":"2021-03-21T14:26:29","slug":"homemade-easter-bread","status":"publish","type":"product","link":"https:\/\/nestvillechocolate.sk\/en\/produkt\/homemade-easter-bread\/","title":{"rendered":"Homemade Easter Bread"},"content":{"rendered":"<div class=\"QFw9Te BLojaf\">\n<div data-grammarly-part=\"highlights\">\n<div>\n<div>\n<div>\n<h3 class=\"q1faR _3x6Zf\" data-key=\"12\" data-grammarly-part=\"highlightUnderline\"><span class=\"JLqJ4b ChMk0b\" data-language-for-alternatives=\"en\" data-language-to-translate-into=\"sk\" data-phrase-index=\"0\">Sourdough bread with curd cheese and sprinkled with blanched almonds.<\/span> <span class=\"JLqJ4b ChMk0b\" data-language-for-alternatives=\"en\" data-language-to-translate-into=\"sk\" data-phrase-index=\"1\">Delicate pastry.<\/span><\/h3>\n<\/div>\n<\/div>\n<\/div>\n<\/div>\n<\/div>\n<div class=\"dePhmb\">\n<div class=\"eyKpYb\" data-language=\"en\" data-original-language=\"sk\" data-result-index=\"0\">\n<h3>Ingredients<\/h3>\n<p>wheat flour, whole milk, eggs, sugar, butter, blanched almonds 1.9%, dried yeast, vanilla sugar (sugar, vanilla aroma, bourbon vanilla), rum aroma. May contain peanuts, other nuts, and sesame. Store in a dry place, protect from heat.<\/p>\n<h4>Weight: 1kg<\/h4>\n<h3>Nutrition facts per 100 g<\/h3>\n<table class=\"nutricni\">\n<tbody>\n<tr>\n<td>Energy<\/td>\n<td>1345 KJ\/320 kcal<\/td>\n<\/tr>\n<tr>\n<td>Total Fat<\/td>\n<td>11 g<\/td>\n<\/tr>\n<tr>\n<td><i>of which saturates<\/i><\/td>\n<td>6,0 g<\/td>\n<\/tr>\n<tr>\n<td>Carbohydrates<\/td>\n<td>48 g<\/td>\n<\/tr>\n<tr>\n<td><i>of which sugars<\/i><\/td>\n<td>2,1 g<\/td>\n<\/tr>\n<tr>\n<td><\/td>\n<td><\/td>\n<\/tr>\n<tr>\n<td>Protein<\/td>\n<td>7,9 g<\/td>\n<\/tr>\n<tr>\n<td>Salt<\/td>\n<td>0,05 g<\/td>\n<\/tr>\n<\/tbody>\n<\/table>\n<p>&nbsp;<\/p>\n<\/div>\n<\/div>\n","protected":false},"excerpt":{"rendered":"<p>We are accepting orders for the locality of Star\u00e1 \u013dubov\u0148a, and the locality of\u00a0 Poprad. Delivery from 2.4 &#8211; 3.4.2021<\/p>\n","protected":false},"featured_media":2828,"template":"","meta":{"_acf_changed":false},"product_brand":[],"product_cat":[73],"product_tag":[],"class_list":{"0":"post-2940","1":"product","2":"type-product","3":"status-publish","4":"has-post-thumbnail","6":"product_cat-easter","8":"first","9":"instock","10":"taxable","11":"shipping-taxable","12":"purchasable","13":"product-type-simple"},"acf":[],"yoast_head":"<!-- This site is optimized with the Yoast SEO plugin v27.5 - https:\/\/yoast.com\/product\/yoast-seo-wordpress\/ -->\n<title>Homemade Easter Bread - Nestville Chocolate<\/title>\n<meta name=\"robots\" content=\"index, follow, max-snippet:-1, max-image-preview:large, max-video-preview:-1\" \/>\n<link rel=\"canonical\" href=\"https:\/\/nestvillechocolate.sk\/en\/produkt\/homemade-easter-bread\/\" \/>\n<meta property=\"og:locale\" content=\"en_US\" \/>\n<meta property=\"og:type\" content=\"article\" \/>\n<meta property=\"og:title\" content=\"Homemade Easter Bread - Nestville Chocolate\" \/>\n<meta property=\"og:description\" content=\"We are accepting orders for the locality of Star\u00e1 \u013dubov\u0148a, and the locality of\u00a0 Poprad. Delivery from 2.4 - 3.4.2021\" \/>\n<meta property=\"og:url\" content=\"https:\/\/nestvillechocolate.sk\/en\/produkt\/homemade-easter-bread\/\" \/>\n<meta property=\"og:site_name\" content=\"Nestville Chocolate\" \/>\n<meta property=\"article:modified_time\" content=\"2021-03-21T14:26:29+00:00\" \/>\n<meta property=\"og:image\" content=\"https:\/\/nestvillechocolate.sk\/wp-content\/uploads\/2021\/03\/IMG_0195-scaled.jpg\" \/>\n\t<meta property=\"og:image:width\" content=\"2560\" \/>\n\t<meta property=\"og:image:height\" content=\"1707\" \/>\n\t<meta property=\"og:image:type\" content=\"image\/jpeg\" \/>\n<meta name=\"twitter:card\" content=\"summary_large_image\" \/>\n<script type=\"application\/ld+json\" class=\"yoast-schema-graph\">{\"@context\":\"https:\\\/\\\/schema.org\",\"@graph\":[{\"@type\":\"WebPage\",\"@id\":\"https:\\\/\\\/nestvillechocolate.sk\\\/en\\\/produkt\\\/homemade-easter-bread\\\/\",\"url\":\"https:\\\/\\\/nestvillechocolate.sk\\\/en\\\/produkt\\\/homemade-easter-bread\\\/\",\"name\":\"Homemade Easter Bread - Nestville Chocolate\",\"isPartOf\":{\"@id\":\"https:\\\/\\\/nestvillechocolate.sk\\\/en\\\/#website\"},\"primaryImageOfPage\":{\"@id\":\"https:\\\/\\\/nestvillechocolate.sk\\\/en\\\/produkt\\\/homemade-easter-bread\\\/#primaryimage\"},\"image\":{\"@id\":\"https:\\\/\\\/nestvillechocolate.sk\\\/en\\\/produkt\\\/homemade-easter-bread\\\/#primaryimage\"},\"thumbnailUrl\":\"https:\\\/\\\/nestvillechocolate.sk\\\/wp-content\\\/uploads\\\/2021\\\/03\\\/IMG_0195-scaled.jpg\",\"datePublished\":\"2021-03-11T13:46:30+00:00\",\"dateModified\":\"2021-03-21T14:26:29+00:00\",\"breadcrumb\":{\"@id\":\"https:\\\/\\\/nestvillechocolate.sk\\\/en\\\/produkt\\\/homemade-easter-bread\\\/#breadcrumb\"},\"inLanguage\":\"en-US\",\"potentialAction\":[{\"@type\":\"ReadAction\",\"target\":[\"https:\\\/\\\/nestvillechocolate.sk\\\/en\\\/produkt\\\/homemade-easter-bread\\\/\"]}]},{\"@type\":\"ImageObject\",\"inLanguage\":\"en-US\",\"@id\":\"https:\\\/\\\/nestvillechocolate.sk\\\/en\\\/produkt\\\/homemade-easter-bread\\\/#primaryimage\",\"url\":\"https:\\\/\\\/nestvillechocolate.sk\\\/wp-content\\\/uploads\\\/2021\\\/03\\\/IMG_0195-scaled.jpg\",\"contentUrl\":\"https:\\\/\\\/nestvillechocolate.sk\\\/wp-content\\\/uploads\\\/2021\\\/03\\\/IMG_0195-scaled.jpg\",\"width\":2560,\"height\":1707,\"caption\":\"Ve\u013ekono\u010dn\u00fd ko\u0161\u00edk s paschou\"},{\"@type\":\"BreadcrumbList\",\"@id\":\"https:\\\/\\\/nestvillechocolate.sk\\\/en\\\/produkt\\\/homemade-easter-bread\\\/#breadcrumb\",\"itemListElement\":[{\"@type\":\"ListItem\",\"position\":1,\"name\":\"Domovsk\u00e1 str\u00e1nka\",\"item\":\"https:\\\/\\\/nestvillechocolate.sk\\\/en\\\/\"},{\"@type\":\"ListItem\",\"position\":2,\"name\":\"Shop\",\"item\":\"https:\\\/\\\/nestvillechocolate.sk\\\/en\\\/shop\\\/\"},{\"@type\":\"ListItem\",\"position\":3,\"name\":\"Homemade Easter Bread\"}]},{\"@type\":\"WebSite\",\"@id\":\"https:\\\/\\\/nestvillechocolate.sk\\\/en\\\/#website\",\"url\":\"https:\\\/\\\/nestvillechocolate.sk\\\/en\\\/\",\"name\":\"Nestville Chocolate\",\"description\":\"Hniezdne\",\"publisher\":{\"@id\":\"https:\\\/\\\/nestvillechocolate.sk\\\/en\\\/#organization\"},\"potentialAction\":[{\"@type\":\"SearchAction\",\"target\":{\"@type\":\"EntryPoint\",\"urlTemplate\":\"https:\\\/\\\/nestvillechocolate.sk\\\/en\\\/?s={search_term_string}\"},\"query-input\":{\"@type\":\"PropertyValueSpecification\",\"valueRequired\":true,\"valueName\":\"search_term_string\"}}],\"inLanguage\":\"en-US\"},{\"@type\":\"Organization\",\"@id\":\"https:\\\/\\\/nestvillechocolate.sk\\\/en\\\/#organization\",\"name\":\"Nestville Chocolate\",\"url\":\"https:\\\/\\\/nestvillechocolate.sk\\\/en\\\/\",\"logo\":{\"@type\":\"ImageObject\",\"inLanguage\":\"en-US\",\"@id\":\"https:\\\/\\\/nestvillechocolate.sk\\\/en\\\/#\\\/schema\\\/logo\\\/image\\\/\",\"url\":\"https:\\\/\\\/nestvillechocolate.sk\\\/wp-content\\\/uploads\\\/2020\\\/11\\\/fav.png\",\"contentUrl\":\"https:\\\/\\\/nestvillechocolate.sk\\\/wp-content\\\/uploads\\\/2020\\\/11\\\/fav.png\",\"width\":512,\"height\":512,\"caption\":\"Nestville Chocolate\"},\"image\":{\"@id\":\"https:\\\/\\\/nestvillechocolate.sk\\\/en\\\/#\\\/schema\\\/logo\\\/image\\\/\"}}]}<\/script>\n<!-- \/ Yoast SEO plugin. -->","yoast_head_json":{"title":"Homemade Easter Bread - Nestville Chocolate","robots":{"index":"index","follow":"follow","max-snippet":"max-snippet:-1","max-image-preview":"max-image-preview:large","max-video-preview":"max-video-preview:-1"},"canonical":"https:\/\/nestvillechocolate.sk\/en\/produkt\/homemade-easter-bread\/","og_locale":"en_US","og_type":"article","og_title":"Homemade Easter Bread - Nestville Chocolate","og_description":"We are accepting orders for the locality of Star\u00e1 \u013dubov\u0148a, and the locality of\u00a0 Poprad. Delivery from 2.4 - 3.4.2021","og_url":"https:\/\/nestvillechocolate.sk\/en\/produkt\/homemade-easter-bread\/","og_site_name":"Nestville Chocolate","article_modified_time":"2021-03-21T14:26:29+00:00","og_image":[{"width":2560,"height":1707,"url":"https:\/\/nestvillechocolate.sk\/wp-content\/uploads\/2021\/03\/IMG_0195-scaled.jpg","type":"image\/jpeg"}],"twitter_card":"summary_large_image","schema":{"@context":"https:\/\/schema.org","@graph":[{"@type":"WebPage","@id":"https:\/\/nestvillechocolate.sk\/en\/produkt\/homemade-easter-bread\/","url":"https:\/\/nestvillechocolate.sk\/en\/produkt\/homemade-easter-bread\/","name":"Homemade Easter Bread - Nestville Chocolate","isPartOf":{"@id":"https:\/\/nestvillechocolate.sk\/en\/#website"},"primaryImageOfPage":{"@id":"https:\/\/nestvillechocolate.sk\/en\/produkt\/homemade-easter-bread\/#primaryimage"},"image":{"@id":"https:\/\/nestvillechocolate.sk\/en\/produkt\/homemade-easter-bread\/#primaryimage"},"thumbnailUrl":"https:\/\/nestvillechocolate.sk\/wp-content\/uploads\/2021\/03\/IMG_0195-scaled.jpg","datePublished":"2021-03-11T13:46:30+00:00","dateModified":"2021-03-21T14:26:29+00:00","breadcrumb":{"@id":"https:\/\/nestvillechocolate.sk\/en\/produkt\/homemade-easter-bread\/#breadcrumb"},"inLanguage":"en-US","potentialAction":[{"@type":"ReadAction","target":["https:\/\/nestvillechocolate.sk\/en\/produkt\/homemade-easter-bread\/"]}]},{"@type":"ImageObject","inLanguage":"en-US","@id":"https:\/\/nestvillechocolate.sk\/en\/produkt\/homemade-easter-bread\/#primaryimage","url":"https:\/\/nestvillechocolate.sk\/wp-content\/uploads\/2021\/03\/IMG_0195-scaled.jpg","contentUrl":"https:\/\/nestvillechocolate.sk\/wp-content\/uploads\/2021\/03\/IMG_0195-scaled.jpg","width":2560,"height":1707,"caption":"Ve\u013ekono\u010dn\u00fd ko\u0161\u00edk s paschou"},{"@type":"BreadcrumbList","@id":"https:\/\/nestvillechocolate.sk\/en\/produkt\/homemade-easter-bread\/#breadcrumb","itemListElement":[{"@type":"ListItem","position":1,"name":"Domovsk\u00e1 str\u00e1nka","item":"https:\/\/nestvillechocolate.sk\/en\/"},{"@type":"ListItem","position":2,"name":"Shop","item":"https:\/\/nestvillechocolate.sk\/en\/shop\/"},{"@type":"ListItem","position":3,"name":"Homemade Easter Bread"}]},{"@type":"WebSite","@id":"https:\/\/nestvillechocolate.sk\/en\/#website","url":"https:\/\/nestvillechocolate.sk\/en\/","name":"Nestville Chocolate","description":"Hniezdne","publisher":{"@id":"https:\/\/nestvillechocolate.sk\/en\/#organization"},"potentialAction":[{"@type":"SearchAction","target":{"@type":"EntryPoint","urlTemplate":"https:\/\/nestvillechocolate.sk\/en\/?s={search_term_string}"},"query-input":{"@type":"PropertyValueSpecification","valueRequired":true,"valueName":"search_term_string"}}],"inLanguage":"en-US"},{"@type":"Organization","@id":"https:\/\/nestvillechocolate.sk\/en\/#organization","name":"Nestville Chocolate","url":"https:\/\/nestvillechocolate.sk\/en\/","logo":{"@type":"ImageObject","inLanguage":"en-US","@id":"https:\/\/nestvillechocolate.sk\/en\/#\/schema\/logo\/image\/","url":"https:\/\/nestvillechocolate.sk\/wp-content\/uploads\/2020\/11\/fav.png","contentUrl":"https:\/\/nestvillechocolate.sk\/wp-content\/uploads\/2020\/11\/fav.png","width":512,"height":512,"caption":"Nestville Chocolate"},"image":{"@id":"https:\/\/nestvillechocolate.sk\/en\/#\/schema\/logo\/image\/"}}]}},"_links":{"self":[{"href":"https:\/\/nestvillechocolate.sk\/en\/wp-json\/wp\/v2\/product\/2940","targetHints":{"allow":["GET"]}}],"collection":[{"href":"https:\/\/nestvillechocolate.sk\/en\/wp-json\/wp\/v2\/product"}],"about":[{"href":"https:\/\/nestvillechocolate.sk\/en\/wp-json\/wp\/v2\/types\/product"}],"wp:featuredmedia":[{"embeddable":true,"href":"https:\/\/nestvillechocolate.sk\/en\/wp-json\/wp\/v2\/media\/2828"}],"wp:attachment":[{"href":"https:\/\/nestvillechocolate.sk\/en\/wp-json\/wp\/v2\/media?parent=2940"}],"wp:term":[{"taxonomy":"product_brand","embeddable":true,"href":"https:\/\/nestvillechocolate.sk\/en\/wp-json\/wp\/v2\/product_brand?post=2940"},{"taxonomy":"product_cat","embeddable":true,"href":"https:\/\/nestvillechocolate.sk\/en\/wp-json\/wp\/v2\/product_cat?post=2940"},{"taxonomy":"product_tag","embeddable":true,"href":"https:\/\/nestvillechocolate.sk\/en\/wp-json\/wp\/v2\/product_tag?post=2940"}],"curies":[{"name":"wp","href":"https:\/\/api.w.org\/{rel}","templated":true}]}}